{"id":284,"date":"2024-08-01T22:13:29","date_gmt":"2024-08-01T14:13:29","guid":{"rendered":"https:\/\/shop.9esim.com\/?page_id=284"},"modified":"2025-08-05T11:24:47","modified_gmt":"2025-08-05T03:24:47","slug":"tc","status":"publish","type":"page","link":"https:\/\/www.9esim.com\/de\/tc\/","title":{"rendered":"T&#038;C"},"content":{"rendered":"<h1><strong>Nutzungsvertrag<\/strong><\/h1>\n<p><strong>Nutzungsbedingungen<\/strong><\/p>\n<p>Diese Vereinbarung definiert die allgemeinen Nutzungsbedingungen f\u00fcr die Website \"9eSIM.com\", die mobile Anwendung und alle damit verbundenen Produkte und Dienste (zusammenfassend als \"Dienste\" bezeichnet). Durch die Nutzung dieser Dienste geben Sie an, dass Sie diese Vereinbarung gelesen und verstanden haben und ihr zustimmen. Wenn Sie im Namen einer juristischen oder nat\u00fcrlichen Person handeln, m\u00fcssen Sie f\u00fcr diese die Befugnis haben, diese Vereinbarung einzuhalten. Es kann sein, dass wir Ihr Konto \u00fcberpr\u00fcfen m\u00fcssen, und wenn wir falsche Informationen, wie z. B. betr\u00fcgerische Kontaktinformationen, finden, k\u00f6nnen wir Ihr Konto k\u00fcndigen. Wir \u00fcbernehmen keine Verantwortung f\u00fcr Verluste, die durch Ihr Handeln oder Ihre Fahrl\u00e4ssigkeit verursacht werden, einschlie\u00dflich Verst\u00f6\u00dfen gegen diese Vereinbarung, und k\u00f6nnen Ihr Konto einfrieren oder l\u00f6schen.<\/p>\n<p><strong>Benutzeranforderungen<\/strong><\/p>\n<p>Sie m\u00fcssen 18 Jahre oder \u00e4lter sein, um diese Dienste zu nutzen. Wenn Sie ein Konto bei den Diensten erstellen, sind Sie f\u00fcr die Aufrechterhaltung der Sicherheit Ihres Kontos verantwortlich und tragen die volle Verantwortung f\u00fcr alle Aktivit\u00e4ten, die unter Ihrem Konto stattfinden, sowie f\u00fcr alle anderen Handlungen, die damit zusammenh\u00e4ngen.<\/p>\n<p><strong>Benutzer Inhalt<\/strong><\/p>\n<p>W\u00e4hrend der Nutzung unserer Dienste sind Sie f\u00fcr alle von Ihnen \u00fcbermittelten Inhalte verantwortlich. Wir k\u00f6nnen Ihre Inhalte \u00fcberwachen und haben das Recht, die von Ihnen \u00fcbermittelten oder erstellten Inhalte in einer Weise zu verwenden, die wir f\u00fcr angemessen halten, einschlie\u00dflich f\u00fcr kommerzielle und Marketingzwecke.<\/p>\n<p><strong>Zahlung<\/strong><\/p>\n<p>Sie sind verpflichtet, alle Geb\u00fchren oder Kosten gem\u00e4\u00df den geltenden Kosten, Geb\u00fchren und Abrechnungsbedingungen zu zahlen. Wenn der Dienst auf einer kostenlosen Testbasis angeboten wird, kann nach Ablauf des kostenlosen Testzeitraums eine Zahlung verlangt werden. Wenn Sie Dienstleistungen mit hohem Risiko erwerben, k\u00f6nnen wir eine Kopie eines g\u00fcltigen, von der Regierung ausgestellten Lichtbildausweises und einen aktuellen Kontoauszug verlangen, aus dem die von Ihnen verwendete Kredit- oder Debitkarte hervorgeht.<\/p>\n<p><strong>Genauigkeit der Informationen<\/strong><\/p>\n<p>Wir \u00fcbernehmen keine Garantie f\u00fcr die Richtigkeit der \u00fcber die Dienste erhaltenen Informationen. Wir behalten uns das Recht vor, falsche, ungenaue oder ausgelassene Informationen zu korrigieren, Informationen zu \u00e4ndern oder zu aktualisieren oder Bestellungen ohne weitere Ank\u00fcndigung zu stornieren.<\/p>\n<p><strong>Dienstleistungen von Dritten<\/strong><\/p>\n<p>Bei der Nutzung von Diensten Dritter k\u00f6nnen diese Dienste den eigenen Gesch\u00e4ftsbedingungen unterliegen. Sie tragen alle mit der Nutzung dieser Dienste verbundenen Risiken. Wir haften nicht f\u00fcr Sch\u00e4den oder Verluste, die auf Ihre Nutzung oder Aktivierung dieser Dienste zur\u00fcckzuf\u00fchren sind.<\/p>\n<p><strong>Sicherung<\/strong><\/p>\n<p>Wir werden unser Bestes tun, um die Website und ihre Inhalte regelm\u00e4\u00dfig zu sichern. Im Falle eines Hardwareausfalls oder Datenverlusts werden wir die Daten so schnell wie m\u00f6glich wiederherstellen, um die Auswirkungen f\u00fcr Sie zu minimieren.<\/p>\n<p><strong>Verbot der Verwendung<\/strong><\/p>\n<p>Sie d\u00fcrfen die Dienste oder Inhalte nicht f\u00fcr illegale Zwecke nutzen, andere zu illegalen Handlungen anstiften, unsere Rechte verletzen, andere bel\u00e4stigen, missbrauchen, beleidigen, sch\u00e4digen, verleumden oder einsch\u00fcchtern.<\/p>\n<p><strong>Geistiges Eigentum<\/strong><\/p>\n<p>Alle Rechte, das Eigentum und die Interessen (zwischen den Vertragsverh\u00e4ltnissen) geh\u00f6ren der SIMLIK LTD. Durch Ihre Nutzung der Dienste erhalten Sie keine Rechte oder Genehmigungen, Marken der SIMLIK LTD oder Dritter zu kopieren oder anderweitig zu nutzen.<\/p>\n<p><strong>App-Nutzungserkl\u00e4rung<\/strong><\/p>\n<p>Die 9eSIM.com-App ist eine spezielle Anwendung f\u00fcr die 9eSIM-Karte. Ohne Genehmigung darf kein Unternehmen die 9eSIM.com-App unbefugt nutzen. Wenn Sie gegen diese Bestimmung versto\u00dfen und dadurch die Karte oder das Ger\u00e4t besch\u00e4digen, \u00fcbernehmen wir keine Verantwortung.<\/p>\n<p><strong>Haftungsausschluss<\/strong><\/p>\n<p>Sie erkl\u00e4ren sich damit einverstanden, dass diese Dienste \"wie besehen\" und \"wie verf\u00fcgbar\" zur Verf\u00fcgung gestellt werden, und Sie \u00fcbernehmen alle mit der Nutzung der Dienste verbundenen Risiken. Wir geben keine ausdr\u00fccklichen oder stillschweigenden Garantien f\u00fcr irgendwelche Informationen.<\/p>\n<p><strong>Beschr\u00e4nkung der Haftung<\/strong><\/p>\n<p>Weder wir noch unsere leitenden Angestellten, Mitarbeiter, Vertreter, Zulieferer und Lizenzgeber haften f\u00fcr indirekte, zuf\u00e4llige, besondere, strafende oder Folgesch\u00e4den oder sonstige Sch\u00e4den gegen\u00fcber Dritten.<\/p>\n<p><strong>Kontakt<\/strong><\/p>\n<p>Wenn Sie weitere Informationen w\u00fcnschen oder andere Fragen haben, k\u00f6nnen Sie uns per E-Mail kontaktieren unter\u00a0\u00a0<a href=\"mailto:support@9esim.com\" target=\"_blank\" rel=\"noopener\">support@9esim.com\u00a0<\/a>.<\/p>","protected":false},"excerpt":{"rendered":"<p>User Agreement Terms of Use This agreement defines the general conditions of use for the &#8220;9eSIM.com&#8221;website, mobile application, and all related products and services (collectivelyreferred to as &#8220;Services&#8221;). By using these Services, you indicatethat you have read, understood, and agree to this agreement. If you acton behalf of an entity or individual, you must have [&hellip;]<\/p>\n","protected":false},"author":1,"featured_media":0,"parent":0,"menu_order":0,"comment_status":"closed","ping_status":"closed","template":"blank","meta":{"inline_featured_image":false,"jetpack_post_was_ever_published":false,"footnotes":""},"class_list":["post-284","page","type-page","status-publish","hentry"],"jetpack-related-posts":[],"_links":{"self":[{"href":"https:\/\/www.9esim.com\/de\/wp-json\/wp\/v2\/pages\/284","targetHints":{"allow":["GET"]}}],"collection":[{"href":"https:\/\/www.9esim.com\/de\/wp-json\/wp\/v2\/pages"}],"about":[{"href":"https:\/\/www.9esim.com\/de\/wp-json\/wp\/v2\/types\/page"}],"author":[{"embeddable":true,"href":"https:\/\/www.9esim.com\/de\/wp-json\/wp\/v2\/users\/1"}],"replies":[{"embeddable":true,"href":"https:\/\/www.9esim.com\/de\/wp-json\/wp\/v2\/comments?post=284"}],"version-history":[{"count":3,"href":"https:\/\/www.9esim.com\/de\/wp-json\/wp\/v2\/pages\/284\/revisions"}],"predecessor-version":[{"id":29952,"href":"https:\/\/www.9esim.com\/de\/wp-json\/wp\/v2\/pages\/284\/revisions\/29952"}],"wp:attachment":[{"href":"https:\/\/www.9esim.com\/de\/wp-json\/wp\/v2\/media?parent=284"}],"curies":[{"name":"wp","href":"https:\/\/api.w.org\/{rel}","templated":true}]}}