{"id":35505,"date":"2025-09-30T23:06:48","date_gmt":"2025-09-30T15:06:48","guid":{"rendered":"https:\/\/www.9esim.com\/?post_type=product&#038;p=35505"},"modified":"2026-05-16T20:33:14","modified_gmt":"2026-05-16T12:33:14","slug":"9esim-v0-esim-adapter","status":"publish","type":"product","link":"https:\/\/www.9esim.com\/de\/product\/9esim-v0-esim-adapter\/","title":{"rendered":"9eSIM V0 esim-Adapter"},"content":{"rendered":"<p>&nbsp;<\/p>\n<p>*Diese Karte enth\u00e4lt keine eSIMs, diese m\u00fcssen separat erworben werden.<\/p>\n<p>*Unbegrenzte eSIM-Downloads<\/p>\n<p>*Kompatibel mit den meisten Android-Ger\u00e4ten<\/p>\n<p>*Die Speicherkapazit\u00e4t betr\u00e4gt etwa 450 KB.<\/p>\n<p>*Diese Karte enth\u00e4lt keine Profile, diese m\u00fcssen separat erworben werden, aber Sie k\u00f6nnen mit unserer kostenlosen Eskimo eSIM beginnen<\/p>\n<p>*Unterst\u00fctzt STK-Men\u00fc (sowohl Apple als auch Android k\u00f6nnen Profile wechseln) Sie k\u00f6nnen es mit der folgenden Software verwenden\uff1a<\/p>\n<h4 class=\"wp-block-heading\">APP\u00a0 for Android<\/h4>\n<hr class=\"wp-block-separator has-alpha-channel-opacity\" \/>\n<div class=\"wp-block-columns is-layout-flex wp-container-core-columns-is-layout-b0bab6eb wp-block-columns-is-layout-flex\">\n<div class=\"wp-block-column is-layout-flow wp-block-column-is-layout-flow\">\n<div class=\"wp-block-buttons is-layout-flex wp-block-buttons-is-layout-flex\">\n<div class=\"wp-block-button is-style-yuna-3d-button-dark\"><a class=\"wp-block-button__link has-background-color has-primary-background-color has-text-color has-background has-link-color wp-element-button\" href=\"https:\/\/dl.9esim.com\/nLPA2.apk\" target=\"_blank\" rel=\"noreferrer noopener\">9eSIM nLPA.APK<\/a><\/div>\n<div class=\"wp-block-button is-style-yuna-3d-button-dark\"><a class=\"wp-block-button__link has-background-color has-black-background-color has-text-color has-background has-link-color wp-element-button\" href=\"https:\/\/play.google.com\/store\/apps\/details?id=ee.nekoko.nlpa.flavor1&amp;hl=en_US\">9eSIM (Google play\uff09<\/a><\/div>\n<div><\/div>\n<\/div>\n<\/div>\n<\/div>\n<p>*Please note that if you encounter any abnormalities in the new version of the app during use, you can try using the following old version of LPA first, and we will continue to update the app\uff1a<\/p>\n<ul>\n<li class=\"has-quinary-color has-background-background-color has-text-color has-background has-link-color has-tiny-font-size wp-elements-0f29005f8a410bec6ad0883e59bf7695\"><a href=\"https:\/\/dl.9esim.com\/nLPA.apk\">9eSIM nLPA.APK<\/a><\/li>\n<li class=\"has-quinary-color has-background-background-color has-text-color has-background has-link-color has-tiny-font-size wp-elements-03b5e95af4213df3d883fbbbc1ccee0f\"><a href=\"https:\/\/dl.9esim.com\/easyeuicc.apk\">9eSIM LPA.APK(EASYEUICC)<\/a><\/li>\n<li class=\"has-quinary-color has-background-background-color has-text-color has-background has-link-color has-tiny-font-size wp-elements-3a25a235a72c9532f36b16a893ed5bc3\"><a href=\"https:\/\/play.google.com\/store\/apps\/details?id=uk.simlink.lpa&amp;hl=en_US\">Google play\uff089eSIM LPA<\/a>\uff09<\/li>\n<\/ul>\n<h4 class=\"wp-block-heading\">APP\u00a0 for\u00a0 PC<\/h4>\n<hr \/>\n<div class=\"wp-block-group is-style-default has-tiny-font-size has-global-padding is-layout-constrained wp-block-group-is-layout-constrained\">\n<ul>\n<li class=\"is-style-default has-primary-color has-text-color has-link-color has-tiny-font-size wp-elements-be2eccc19da0e0cdac26230b82b0fcc0\"><a href=\"https:\/\/dl.9esim.com\/MiniLPA-Windows-x86_64.msi\" data-type=\"link\" data-id=\"https:\/\/dl.9esim.com\/MiniLPA-Windows-x86_64.msi\">MiniLPA-Windows-x86_64<\/a><\/li>\n<li class=\"has-text-align-left has-quinary-color has-text-color\"><a href=\"https:\/\/dl.9esim.com\/MiniLPA-macOS-aarch64.dmg\">MiniLPA-macOS-aarch64<\/a><\/li>\n<li class=\"has-text-align-left has-quinary-color has-text-color has-link-color wp-elements-46316dc88cbd26c5513c499c4895d076\"><a href=\"https:\/\/dl.9esim.com\/MiniLPA-macOS-x86_64.dmg\">MiniLPA-macOS-x86_64<\/a><\/li>\n<\/ul>\n<\/div>\n<h4 class=\"wp-block-heading\">APP\u00a0 for\u00a0 IOS<\/h4>\n<hr \/>\n<div class=\"wp-block-group has-global-padding is-layout-constrained wp-block-group-is-layout-constrained\">\n<ul>\n<li class=\"has-small-font-size has-tiny-font-size\"><a href=\"https:\/\/apps.apple.com\/cn\/app\/9esim\/id6746965678\">9eSIM im App Store (apple.com)<\/a><\/li>\n<\/ul>\n<\/div>\n<h4 class=\"d-none d-md-block h2 mb-10 mb-lg-14\">Technische Dokumentation<\/h4>\n<hr \/>\n<p><a href=\"https:\/\/www.9esim.com\/wp-content\/uploads\/2025\/01\/Kigen-OS-and-Tools-EULA.pdf\">Kigen OS und Tools EULA<\/a><\/p>\n<p>&nbsp;<\/p>","protected":false},"excerpt":{"rendered":"<p>V0 ist eine 9er-Simulation mit einer Kapazit\u00e4t von ca. 450 KB, die fast die gleiche Funktionalit\u00e4t wie V3 hat, aber weniger als ein Drittel der Kapazit\u00e4t, so dass sie f\u00fcr weniger erfahrene Benutzer geeignet ist.<\/p>","protected":false},"featured_media":35550,"comment_status":"open","ping_status":"closed","template":"","meta":{"inline_featured_image":false,"jetpack_publicize_message":"","jetpack_publicize_feature_enabled":true,"jetpack_social_post_already_shared":true,"jetpack_social_options":{"image_generator_settings":{"template":"highway","default_image_id":0,"font":"","enabled":false},"version":2}},"product_brand":[55],"product_cat":[52],"product_tag":[],"class_list":{"0":"post-35505","1":"product","2":"type-product","3":"status-publish","4":"has-post-thumbnail","6":"product_brand-9esim","7":"product_cat-v0","9":"first","10":"instock","11":"sale","12":"featured","13":"shipping-taxable","14":"purchasable","15":"product-type-variable","16":"has-default-attributes"},"jetpack_publicize_connections":[],"jetpack-related-posts":[],"_links":{"self":[{"href":"https:\/\/www.9esim.com\/de\/wp-json\/wp\/v2\/product\/35505","targetHints":{"allow":["GET"]}}],"collection":[{"href":"https:\/\/www.9esim.com\/de\/wp-json\/wp\/v2\/product"}],"about":[{"href":"https:\/\/www.9esim.com\/de\/wp-json\/wp\/v2\/types\/product"}],"replies":[{"embeddable":true,"href":"https:\/\/www.9esim.com\/de\/wp-json\/wp\/v2\/comments?post=35505"}],"wp:featuredmedia":[{"embeddable":true,"href":"https:\/\/www.9esim.com\/de\/wp-json\/wp\/v2\/media\/35550"}],"wp:attachment":[{"href":"https:\/\/www.9esim.com\/de\/wp-json\/wp\/v2\/media?parent=35505"}],"wp:term":[{"taxonomy":"product_brand","embeddable":true,"href":"https:\/\/www.9esim.com\/de\/wp-json\/wp\/v2\/product_brand?post=35505"},{"taxonomy":"product_cat","embeddable":true,"href":"https:\/\/www.9esim.com\/de\/wp-json\/wp\/v2\/product_cat?post=35505"},{"taxonomy":"product_tag","embeddable":true,"href":"https:\/\/www.9esim.com\/de\/wp-json\/wp\/v2\/product_tag?post=35505"}],"curies":[{"name":"wp","href":"https:\/\/api.w.org\/{rel}","templated":true}]}}