{"id":55358,"date":"2026-03-08T22:32:44","date_gmt":"2026-03-08T14:32:44","guid":{"rendered":"https:\/\/www.9esim.com\/?post_type=product&#038;p=55358"},"modified":"2026-03-08T22:37:25","modified_gmt":"2026-03-08T14:37:25","slug":"9esim-v0-max-esim-adapter","status":"publish","type":"product","link":"https:\/\/www.9esim.com\/de\/product\/9esim-v0-max-esim-adapter\/","title":{"rendered":"9eSIM V0 MAX esim adapter"},"content":{"rendered":"<p>*Diese Karte enth\u00e4lt keine Profile, diese m\u00fcssen separat erworben werden, aber Sie k\u00f6nnen mit unserer kostenlosen Eskimo eSIM beginnen<\/p>\n<p>*Unbegrenzte eSIM-Downloads<\/p>\n<p>*Kompatibel mit den meisten Android-Ger\u00e4ten<\/p>\n<p>*The storage capacity is approximately 1100KB.<\/p>\n<p>*<strong>This gift comes with 1GB of global data<\/strong> (provided by <a href=\"https:\/\/www.esim.cc\/\">esim.cc<\/a>, click <a href=\"https:\/\/www.9esim.com\/de\/9esim-free-1gb-global-data-claim-tutorial\/\">here to get the tutorial<\/a>)<\/p>\n<p>*Unterst\u00fctzt STK-Men\u00fc (sowohl Apple als auch Android k\u00f6nnen Profile wechseln) Sie k\u00f6nnen es mit der folgenden Software verwenden\uff1a<\/p>\n<h4 class=\"wp-block-heading\">lpac f\u00fcr Android<\/h4>\n<hr class=\"wp-block-separator has-alpha-channel-opacity\" \/>\n<div class=\"wp-block-buttons is-layout-flex wp-block-buttons-is-layout-flex\">\n<div class=\"wp-block-button is-style-yuna-3d-button-dark\"><a class=\"wp-block-button__link has-background-color has-primary-background-color has-text-color has-background has-link-color wp-element-button\" href=\"https:\/\/dl.9esim.com\/easyeuicc.apk\">9eSIM LPA\uff08EasyeUICC\uff09<\/a><\/div>\n<div class=\"wp-block-button is-style-yuna-3d-button-dark\"><a class=\"wp-block-button__link has-background-color has-primary-background-color has-text-color has-background has-link-color wp-element-button\" href=\"https:\/\/dl.9esim.com\/nLPA.apk\">9eSIM-nLPA<\/a><\/div>\n<\/div>\n<p>&nbsp;<\/p>\n<p class=\"has-quinary-color has-text-color has-link-color wp-elements-6a5b8e3a18d8eb159c44ac7d3cce33fd\"><a href=\"https:\/\/play.google.com\/store\/apps\/details?id=uk.simlink.lpa&amp;hl=en_US\" data-type=\"link\" data-id=\"https:\/\/play.google.com\/store\/apps\/details?id=uk.simlink.lpa&amp;hl=en_US\">Google play\uff089eSIM LPA<\/a>\uff09\u00a0<a href=\"https:\/\/play.google.com\/store\/apps\/details?id=ee.nekoko.nlpa.flavor1&amp;hl=en_US\" data-type=\"link\" data-id=\"https:\/\/play.google.com\/store\/apps\/details?id=ee.nekoko.nlpa.flavor1&amp;hl=en_US\">Google play \uff089eSIM-nLPA)<\/a><\/p>\n<p>&nbsp;<\/p>\n<p>*Note that if you encounter bugs while using the new nLPA, you can try to let us know and use LPA as a temporary replacement. We will fix the known issues with nLPA as soon as possible<\/p>\n<h4 class=\"wp-block-heading\">lpac f\u00fcr PC<\/h4>\n<hr class=\"wp-block-separator has-alpha-channel-opacity\" \/>\n<div class=\"wp-block-group is-style-default has-tiny-font-size has-global-padding is-layout-constrained wp-block-group-is-layout-constrained\">\n<p>&nbsp;<\/p>\n<p class=\"has-quinary-color has-text-color has-link-color wp-elements-8ffc263b9652de26fa7a8f8dd6c57898\"><a href=\"https:\/\/dl.9esim.com\/MiniLPA-Windows-x86_64.msi\">MiniLPA-Windows-x86_64<\/a><\/p>\n<p class=\"has-text-align-left has-quinary-color has-text-color has-link-color wp-elements-ef145383b7fa114552881ffc9c77e341\"><a href=\"https:\/\/dl.9esim.com\/MiniLPA-macOS-aarch64.dmg\">MiniLPA-macOS-aarch64<\/a><\/p>\n<p class=\"has-text-align-left has-quinary-color has-text-color has-link-color wp-elements-46316dc88cbd26c5513c499c4895d076\"><a href=\"https:\/\/dl.9esim.com\/MiniLPA-macOS-x86_64.dmg\">MiniLPA-macOS-x86_64<\/a><\/p>\n<p><a href=\"https:\/\/github.com\/EsimMoe\/MiniLPA\/blob\/main\/README_zh-CN.md\">MiniLPA\/README_zh-CN.md auf main - EsimMoe\/MiniLPA - GitHub<\/a><\/p>\n<p>&nbsp;<\/p>\n<\/div>\n<p>&nbsp;<\/p>\n<h4 class=\"wp-block-heading\">lpac f\u00fcr IOS<\/h4>\n<hr class=\"wp-block-separator has-alpha-channel-opacity\" \/>\n<div class=\"wp-block-group has-global-padding is-layout-constrained wp-block-group-is-layout-constrained\">\n<p class=\"has-small-font-size has-tiny-font-size\"><a href=\"https:\/\/apps.apple.com\/cn\/app\/9esim\/id6746965678\">9eSIM im App Store (apple.com)<\/a><\/p>\n<\/div>","protected":false},"excerpt":{"rendered":"<p>V0 MAX is a 9esim with a capacity of around 1100KB, which has almost the same functionality as V0,But the memory is more than twice that of V0.<\/p>","protected":false},"featured_media":55361,"comment_status":"open","ping_status":"closed","template":"","meta":{"inline_featured_image":false,"jetpack_post_was_ever_published":false,"jetpack_publicize_message":"","jetpack_publicize_feature_enabled":true,"jetpack_social_post_already_shared":true,"jetpack_social_options":{"image_generator_settings":{"template":"highway","default_image_id":0,"font":"","enabled":false},"version":2}},"product_brand":[55],"product_cat":[52,51],"product_tag":[71],"class_list":{"0":"post-55358","1":"product","2":"type-product","3":"status-publish","4":"has-post-thumbnail","6":"product_brand-9esim","7":"product_cat-v0","8":"product_cat-v3","9":"product_tag-9esim-v0-max","11":"first","12":"instock","13":"sale","14":"shipping-taxable","15":"purchasable","16":"product-type-simple"},"jetpack_publicize_connections":[],"jetpack-related-posts":[],"_links":{"self":[{"href":"https:\/\/www.9esim.com\/de\/wp-json\/wp\/v2\/product\/55358","targetHints":{"allow":["GET"]}}],"collection":[{"href":"https:\/\/www.9esim.com\/de\/wp-json\/wp\/v2\/product"}],"about":[{"href":"https:\/\/www.9esim.com\/de\/wp-json\/wp\/v2\/types\/product"}],"replies":[{"embeddable":true,"href":"https:\/\/www.9esim.com\/de\/wp-json\/wp\/v2\/comments?post=55358"}],"wp:featuredmedia":[{"embeddable":true,"href":"https:\/\/www.9esim.com\/de\/wp-json\/wp\/v2\/media\/55361"}],"wp:attachment":[{"href":"https:\/\/www.9esim.com\/de\/wp-json\/wp\/v2\/media?parent=55358"}],"wp:term":[{"taxonomy":"product_brand","embeddable":true,"href":"https:\/\/www.9esim.com\/de\/wp-json\/wp\/v2\/product_brand?post=55358"},{"taxonomy":"product_cat","embeddable":true,"href":"https:\/\/www.9esim.com\/de\/wp-json\/wp\/v2\/product_cat?post=55358"},{"taxonomy":"product_tag","embeddable":true,"href":"https:\/\/www.9esim.com\/de\/wp-json\/wp\/v2\/product_tag?post=55358"}],"curies":[{"name":"wp","href":"https:\/\/api.w.org\/{rel}","templated":true}]}}