{"id":9172,"date":"2025-01-24T19:41:01","date_gmt":"2025-01-24T11:41:01","guid":{"rendered":"https:\/\/www.9esim.com\/?post_type=product&#038;p=9172"},"modified":"2026-03-12T23:56:45","modified_gmt":"2026-03-12T15:56:45","slug":"strengthen-package","status":"publish","type":"product","link":"https:\/\/www.9esim.com\/de\/product\/strengthen-package\/","title":{"rendered":"St\u00e4rken(V3)-Paket"},"content":{"rendered":"<p>Das Standardpaket enth\u00e4lt eine 9esim-Karte und ein Kartenleseger\u00e4t. Wenn Ihr Android-Telefon in der Liste der unterst\u00fctzten Ger\u00e4te aufgef\u00fchrt ist, m\u00fcssen Sie kein Kartenleseger\u00e4t kaufen.<\/p>\r\n<p>9eSIM-Karte<\/p>\r\n<p>* Unbegrenzte eSIM-Downloads<\/p>\r\n<p>* Kompatibel mit den meisten Android-Ger\u00e4ten<\/p>\r\n<p>* Die Speicherkapazit\u00e4t betr\u00e4gt etwa 1,5 MB (bis zu 50 Profile k\u00f6nnen gespeichert werden)<\/p>\r\n<p>* Diese Karte enth\u00e4lt keine eSIM und muss separat erworben werden, wenn Sie kein Android-Telefon haben. Oder wenn Ihr Android-Telefon nicht mit uns kompatibel ist, ben\u00f6tigen Sie m\u00f6glicherweise diesen Kartenleser, der sowohl auf Ihrem Telefon als auch auf Ihrem Computer verwendet werden kann. Sie k\u00f6nnen es mit der folgenden Software verwenden:<\/p>\r\n<h4 class=\"wp-block-heading\"><\/h4>\r\n<h4 class=\"wp-block-heading\">APP\u00a0 for Android<\/h4>\r\n<hr class=\"wp-block-separator has-alpha-channel-opacity\" \/>\r\n<div class=\"wp-block-columns is-layout-flex wp-container-core-columns-is-layout-b0bab6eb wp-block-columns-is-layout-flex\">\r\n<div class=\"wp-block-column is-layout-flow wp-block-column-is-layout-flow\">\r\n<div class=\"wp-block-buttons is-layout-flex wp-block-buttons-is-layout-flex\">\r\n<div class=\"wp-block-button is-style-yuna-3d-button-dark\"><a class=\"wp-block-button__link has-background-color has-primary-background-color has-text-color has-background has-link-color wp-element-button\" href=\"https:\/\/dl.9esim.com\/nLPA2.apk\" target=\"_blank\" rel=\"noreferrer noopener\">9eSIM nLPA.APK<\/a><\/div>\r\n<div class=\"wp-block-button is-style-yuna-3d-button-dark\"><a class=\"wp-block-button__link has-background-color has-black-background-color has-text-color has-background has-link-color wp-element-button\" href=\"https:\/\/play.google.com\/store\/apps\/details?id=ee.nekoko.nlpa.flavor1&amp;hl=en_US\">9eSIM (Google play\uff09<\/a><\/div>\r\n<div>\u00a0<\/div>\r\n<\/div>\r\n<\/div>\r\n<\/div>\r\n<p>*Please note that if you encounter any abnormalities in the new version of the app during use, you can try using the following old version of LPA first, and we will continue to update the app\uff1a<\/p>\r\n<ul>\r\n<li class=\"has-quinary-color has-background-background-color has-text-color has-background has-link-color has-tiny-font-size wp-elements-0f29005f8a410bec6ad0883e59bf7695\"><a href=\"https:\/\/dl.9esim.com\/nLPA.apk\">9eSIM nLPA.APK<\/a><\/li>\r\n<li class=\"has-quinary-color has-background-background-color has-text-color has-background has-link-color has-tiny-font-size wp-elements-03b5e95af4213df3d883fbbbc1ccee0f\"><a href=\"https:\/\/dl.9esim.com\/easyeuicc.apk\">9eSIM LPA.APK(EASYEUICC)<\/a><\/li>\r\n<li class=\"has-quinary-color has-background-background-color has-text-color has-background has-link-color has-tiny-font-size wp-elements-3a25a235a72c9532f36b16a893ed5bc3\"><a href=\"https:\/\/play.google.com\/store\/apps\/details?id=uk.simlink.lpa&amp;hl=en_US\">Google play\uff089eSIM LPA<\/a>\uff09<\/li>\r\n<\/ul>\r\n<h4 class=\"wp-block-heading\">APP\u00a0 for\u00a0 PC<\/h4>\r\n<hr \/>\r\n<div class=\"wp-block-group is-style-default has-tiny-font-size has-global-padding is-layout-constrained wp-block-group-is-layout-constrained\">\r\n<ul>\r\n<li class=\"is-style-default has-primary-color has-text-color has-link-color has-tiny-font-size wp-elements-be2eccc19da0e0cdac26230b82b0fcc0\"><a href=\"https:\/\/dl.9esim.com\/MiniLPA-Windows-x86_64.msi\" data-type=\"link\" data-id=\"https:\/\/dl.9esim.com\/MiniLPA-Windows-x86_64.msi\">MiniLPA-Windows-x86_64<\/a><\/li>\r\n<li class=\"has-text-align-left has-quinary-color has-text-color\"><a href=\"https:\/\/dl.9esim.com\/MiniLPA-macOS-aarch64.dmg\">MiniLPA-macOS-aarch64<\/a><\/li>\r\n<li class=\"has-text-align-left has-quinary-color has-text-color has-link-color wp-elements-46316dc88cbd26c5513c499c4895d076\"><a href=\"https:\/\/dl.9esim.com\/MiniLPA-macOS-x86_64.dmg\">MiniLPA-macOS-x86_64<\/a><\/li>\r\n<\/ul>\r\n<\/div>\r\n<h4 class=\"wp-block-heading\">APP\u00a0 for\u00a0 IOS<\/h4>\r\n<hr \/>\r\n<div class=\"wp-block-group has-global-padding is-layout-constrained wp-block-group-is-layout-constrained\">\r\n<ul>\r\n<li class=\"has-small-font-size has-tiny-font-size\"><a href=\"https:\/\/apps.apple.com\/cn\/app\/9esim\/id6746965678\">9eSIM im App Store (apple.com)<\/a><\/li>\r\n<\/ul>\r\n<\/div>\r\n<h4 class=\"wp-block-heading\"><\/h4>","protected":false},"excerpt":{"rendered":"<p>Das Standardpaket enth\u00e4lt eine 9esim-Karte und ein Kartenleseger\u00e4t. Wenn Ihr Android-Telefon in der Liste der unterst\u00fctzten Ger\u00e4te aufgef\u00fchrt ist, m\u00fcssen Sie kein Kartenleseger\u00e4t kaufen.<\/p>","protected":false},"featured_media":28453,"comment_status":"open","ping_status":"closed","template":"","meta":{"inline_featured_image":false,"jetpack_post_was_ever_published":false,"jetpack_publicize_message":"","jetpack_publicize_feature_enabled":true,"jetpack_social_post_already_shared":false,"jetpack_social_options":{"image_generator_settings":{"template":"highway","default_image_id":0,"font":"","enabled":false},"version":2}},"product_brand":[],"product_cat":[51],"product_tag":[],"class_list":{"0":"post-9172","1":"product","2":"type-product","3":"status-publish","4":"has-post-thumbnail","6":"product_cat-v3","8":"first","9":"instock","10":"sale","11":"featured","12":"shipping-taxable","13":"purchasable","14":"product-type-simple"},"jetpack_publicize_connections":[],"jetpack-related-posts":[],"_links":{"self":[{"href":"https:\/\/www.9esim.com\/de\/wp-json\/wp\/v2\/product\/9172","targetHints":{"allow":["GET"]}}],"collection":[{"href":"https:\/\/www.9esim.com\/de\/wp-json\/wp\/v2\/product"}],"about":[{"href":"https:\/\/www.9esim.com\/de\/wp-json\/wp\/v2\/types\/product"}],"replies":[{"embeddable":true,"href":"https:\/\/www.9esim.com\/de\/wp-json\/wp\/v2\/comments?post=9172"}],"wp:featuredmedia":[{"embeddable":true,"href":"https:\/\/www.9esim.com\/de\/wp-json\/wp\/v2\/media\/28453"}],"wp:attachment":[{"href":"https:\/\/www.9esim.com\/de\/wp-json\/wp\/v2\/media?parent=9172"}],"wp:term":[{"taxonomy":"product_brand","embeddable":true,"href":"https:\/\/www.9esim.com\/de\/wp-json\/wp\/v2\/product_brand?post=9172"},{"taxonomy":"product_cat","embeddable":true,"href":"https:\/\/www.9esim.com\/de\/wp-json\/wp\/v2\/product_cat?post=9172"},{"taxonomy":"product_tag","embeddable":true,"href":"https:\/\/www.9esim.com\/de\/wp-json\/wp\/v2\/product_tag?post=9172"}],"curies":[{"name":"wp","href":"https:\/\/api.w.org\/{rel}","templated":true}]}}