{"id":284,"date":"2024-08-01T22:13:29","date_gmt":"2024-08-01T14:13:29","guid":{"rendered":"https:\/\/shop.9esim.com\/?page_id=284"},"modified":"2025-08-05T11:24:47","modified_gmt":"2025-08-05T03:24:47","slug":"tc","status":"publish","type":"page","link":"https:\/\/www.9esim.com\/es\/tc\/","title":{"rendered":"T&#038;C"},"content":{"rendered":"<h1><strong>Acuerdo de usuario<\/strong><\/h1>\n<p><strong>Condiciones de uso<\/strong><\/p>\n<p>Este acuerdo define las condiciones generales de uso del sitio web \"9eSIM.com\", la aplicaci\u00f3n m\u00f3vil y todos los productos y servicios relacionados (denominados colectivamente \"Servicios\"). Al utilizar estos Servicios, usted indica que ha le\u00eddo, comprendido y aceptado este acuerdo. Si act\u00faa en nombre de una entidad o persona f\u00edsica, debe tener autoridad para que dicha entidad cumpla este acuerdo. Es posible que tengamos que verificar su cuenta, y si encontramos informaci\u00f3n falsa, como informaci\u00f3n de contacto fraudulenta, podremos cancelar su cuenta. No nos hacemos responsables de ninguna p\u00e9rdida causada por sus acciones o negligencia, incluido el incumplimiento de este acuerdo, y podemos congelar o eliminar su cuenta.<\/p>\n<p><strong>Requisitos de los usuarios<\/strong><\/p>\n<p>Debe ser mayor de 18 a\u00f1os para utilizar estos Servicios. Si usted crea una cuenta en el servicio, usted es responsable de mantener la seguridad de su cuenta y es totalmente responsable de todas las actividades que ocurran bajo su cuenta y de cualquier otra acci\u00f3n relacionada con ella.<\/p>\n<p><strong>Contenido del usuario<\/strong><\/p>\n<p>Durante el uso de nuestros Servicios, usted es responsable de todo el contenido que env\u00ede. Podemos supervisar su contenido, y tenemos derecho a utilizar el contenido que env\u00ede o cree de la forma que consideremos razonable, incluso con fines comerciales y de marketing.<\/p>\n<p><strong>Pago<\/strong><\/p>\n<p>Debe pagarnos todas las tasas o cargos de acuerdo con los costes, tasas y condiciones de facturaci\u00f3n v\u00e1lidos. Si el Servicio se ofrece como prueba gratuita, es posible que se le exija el pago una vez finalizado el periodo de prueba gratuito. Si adquiere servicios de alto riesgo, es posible que le solicitemos una copia de un documento de identidad v\u00e1lido con fotograf\u00eda emitido por el gobierno y un extracto bancario reciente, en el que aparezca la tarjeta de cr\u00e9dito o d\u00e9bito que puede utilizar.<\/p>\n<p><strong>Exactitud de la informaci\u00f3n<\/strong><\/p>\n<p>No garantizamos la exactitud de la informaci\u00f3n obtenida a trav\u00e9s de los Servicios. Nos reservamos el derecho de corregir cualquier informaci\u00f3n incorrecta, inexacta u omitida, cambiar o actualizar la informaci\u00f3n, o cancelar pedidos sin previo aviso.<\/p>\n<p><strong>Servicios de terceros<\/strong><\/p>\n<p>Al utilizar servicios de terceros, estos servicios pueden estar sujetos a sus propios t\u00e9rminos y condiciones. Usted asume todos los riesgos asociados al uso de estos servicios. No nos hacemos responsables de los da\u00f1os o p\u00e9rdidas reclamados o relacionados con el uso o la habilitaci\u00f3n de estos servicios.<\/p>\n<p><strong>Copia de seguridad<\/strong><\/p>\n<p>Haremos todo lo posible por realizar copias de seguridad peri\u00f3dicas del sitio web y de su contenido. En caso de fallo del hardware o p\u00e9rdida de datos, los recuperaremos lo antes posible para minimizar el impacto sobre usted.<\/p>\n<p><strong>Prohibici\u00f3n de uso<\/strong><\/p>\n<p>No podr\u00e1 utilizar los Servicios o contenidos con fines ilegales, incitar a otros a cometer actos ilegales, violar o infringir nuestros derechos, acosar, abusar, insultar, da\u00f1ar, difamar o intimidar a otros.<\/p>\n<p><strong>Propiedad intelectual<\/strong><\/p>\n<p>Todos los derechos, propiedad e intereses (entre las relaciones contractuales) pertenecen a SIMLIK LTD. El uso de los Servicios no le otorga ning\u00fan derecho ni permiso para copiar o utilizar de cualquier otro modo las marcas comerciales de SIMLIK LTD o de terceros.<\/p>\n<p><strong>Declaraci\u00f3n de uso de la aplicaci\u00f3n<\/strong><\/p>\n<p>La App 9eSIM.com es una aplicaci\u00f3n espec\u00edfica dise\u00f1ada para la tarjeta 9eSIM.Sin autorizaci\u00f3n, ninguna empresa o compa\u00f1\u00eda puede utilizar la App 9eSIM.com de forma no autorizada. Si infringe esta disposici\u00f3n, causando da\u00f1os a la tarjeta o al dispositivo, no asumiremos ninguna responsabilidad.<\/p>\n<p><strong>Descargo de responsabilidad<\/strong><\/p>\n<p>Usted acepta que estos Servicios se proporcionan \"tal cual\" y \"seg\u00fan disponibilidad\", y asume todos los riesgos asociados al uso de los mismos. No ofrecemos garant\u00edas expresas ni impl\u00edcitas sobre ninguna informaci\u00f3n.<\/p>\n<p><strong>Limitaci\u00f3n de responsabilidad<\/strong><\/p>\n<p>Ni nosotros ni nuestros directivos, empleados, agentes, proveedores y licenciantes seremos responsables de ning\u00fan da\u00f1o indirecto, incidental, especial, punitivo, consecuente o colateral.<\/p>\n<p><strong>Contacte con nosotros<\/strong><\/p>\n<p>Si desea m\u00e1s informaci\u00f3n o realizar otras consultas, puede ponerse en contacto con nosotros por correo electr\u00f3nico en\u00a0\u00a0<a href=\"mailto:support@9esim.com\" target=\"_blank\" rel=\"noopener\">support@9esim.com\u00a0<\/a>.<\/p>","protected":false},"excerpt":{"rendered":"<p>User Agreement Terms of Use This agreement defines the general conditions of use for the &#8220;9eSIM.com&#8221;website, mobile application, and all related products and services (collectivelyreferred to as &#8220;Services&#8221;). By using these Services, you indicatethat you have read, understood, and agree to this agreement. If you acton behalf of an entity or individual, you must have [&hellip;]<\/p>\n","protected":false},"author":1,"featured_media":0,"parent":0,"menu_order":0,"comment_status":"closed","ping_status":"closed","template":"blank","meta":{"inline_featured_image":false,"jetpack_post_was_ever_published":false,"footnotes":""},"class_list":["post-284","page","type-page","status-publish","hentry"],"jetpack-related-posts":[],"_links":{"self":[{"href":"https:\/\/www.9esim.com\/es\/wp-json\/wp\/v2\/pages\/284","targetHints":{"allow":["GET"]}}],"collection":[{"href":"https:\/\/www.9esim.com\/es\/wp-json\/wp\/v2\/pages"}],"about":[{"href":"https:\/\/www.9esim.com\/es\/wp-json\/wp\/v2\/types\/page"}],"author":[{"embeddable":true,"href":"https:\/\/www.9esim.com\/es\/wp-json\/wp\/v2\/users\/1"}],"replies":[{"embeddable":true,"href":"https:\/\/www.9esim.com\/es\/wp-json\/wp\/v2\/comments?post=284"}],"version-history":[{"count":3,"href":"https:\/\/www.9esim.com\/es\/wp-json\/wp\/v2\/pages\/284\/revisions"}],"predecessor-version":[{"id":29952,"href":"https:\/\/www.9esim.com\/es\/wp-json\/wp\/v2\/pages\/284\/revisions\/29952"}],"wp:attachment":[{"href":"https:\/\/www.9esim.com\/es\/wp-json\/wp\/v2\/media?parent=284"}],"curies":[{"name":"wp","href":"https:\/\/api.w.org\/{rel}","templated":true}]}}