{"id":287,"date":"2024-08-01T22:21:54","date_gmt":"2024-08-01T14:21:54","guid":{"rendered":"https:\/\/shop.9esim.com\/?page_id=287"},"modified":"2025-07-02T21:33:10","modified_gmt":"2025-07-02T13:33:10","slug":"cooperacion","status":"publish","type":"page","link":"https:\/\/www.9esim.com\/es\/cooperacion\/","title":{"rendered":"Cooperaci\u00f3n"},"content":{"rendered":"<h1>Programa de asociaci\u00f3n<\/h1>\n<h2>\u00bfPor qu\u00e9 asociarse con 9eSIM?<\/h2>\n<p><strong>Atractivas comisiones<\/strong><\/p>\n<p>Gane atractivas comisiones por cada venta que genere. Con nuestro producto de alta conversi\u00f3n, su potencial de ganancias es ilimitado.<\/p>\n<p><strong>Descuentos \u00fanicos<\/strong><\/p>\n<p>Ofrezca a sus clientes y seguidores descuentos exclusivos en tarjetas 9eSIM a mejores precios, al tiempo que gana m\u00e1s comisiones y fideliza a sus clientes.<\/p>\n<p><strong>Seguimiento de datos de ventas<\/strong><\/p>\n<p>Mant\u00e9ngase al tanto de su negocio y tome decisiones basadas en datos para optimizar su asociaci\u00f3n con 9eSIM.<\/p>\n<h1>Puntos fuertes de 9eSIM<\/h1>\n<p><strong>Una nueva soluci\u00f3n<\/strong><\/p>\n<p>Resolvemos los problemas de eSIM para los usuarios de Android que no tienen dispositivos compatibles con eSIM. Con la tarjeta 9eSIM, por fin pueden utilizar eSIM<\/p>\n<p><strong>Una nueva v\u00eda<\/strong><\/p>\n<p>9eSIM.eSIM Card ofrece una forma sencilla y f\u00e1cil de usar de conectarse a los servicios eSIM. Diga adi\u00f3s a las molestias de las tarjetas SIM f\u00edsicas y abrace el futuro.<\/p>\n<p><strong>Atenci\u00f3n al cliente 24 horas al d\u00eda, 7 d\u00edas a la semana<\/strong><\/p>\n<p>Nos enorgullecemos de ofrecer atenci\u00f3n al cliente las 24 horas del d\u00eda para garantizar que sus clientes tengan una experiencia fluida y sin complicaciones.<\/p>\n<p>Convi\u00e9rtase en socio de 9eSIM para revolucionar la conectividad m\u00f3vil y hacer crecer su negocio mientras gana recompensas. \u00a1No pierda esta oportunidad de \u00e9xito!<\/p>\n<hr \/>\n<p>Si tiene alguna pregunta o necesita ayuda, nuestro equipo est\u00e1 a su disposici\u00f3n. P\u00f3ngase en contacto con nosotros en\u00a0\u00a0<span class=\"activeText\">service@9esim.com\u00a0<\/span>\u00a0y nos pondremos en contacto.<\/p>","protected":false},"excerpt":{"rendered":"<p>Partnership Program Why Partner with 9eSIM? Attractive Commissions Earn attractive commissions on every sale you generate. With our high-converting product, your earning potential is limitless. Unique Discounts Offer your customers and fans exclusive discounts on 9eSIM cards at better prices, while earning you more commissions and boosting customer loyalty. Sales Data Tracking Stay on top [&hellip;]<\/p>\n","protected":false},"author":1,"featured_media":0,"parent":0,"menu_order":0,"comment_status":"closed","ping_status":"closed","template":"blank","meta":{"inline_featured_image":false,"jetpack_post_was_ever_published":false,"footnotes":""},"class_list":["post-287","page","type-page","status-publish","hentry"],"jetpack-related-posts":[],"_links":{"self":[{"href":"https:\/\/www.9esim.com\/es\/wp-json\/wp\/v2\/pages\/287","targetHints":{"allow":["GET"]}}],"collection":[{"href":"https:\/\/www.9esim.com\/es\/wp-json\/wp\/v2\/pages"}],"about":[{"href":"https:\/\/www.9esim.com\/es\/wp-json\/wp\/v2\/types\/page"}],"author":[{"embeddable":true,"href":"https:\/\/www.9esim.com\/es\/wp-json\/wp\/v2\/users\/1"}],"replies":[{"embeddable":true,"href":"https:\/\/www.9esim.com\/es\/wp-json\/wp\/v2\/comments?post=287"}],"version-history":[{"count":8,"href":"https:\/\/www.9esim.com\/es\/wp-json\/wp\/v2\/pages\/287\/revisions"}],"predecessor-version":[{"id":26097,"href":"https:\/\/www.9esim.com\/es\/wp-json\/wp\/v2\/pages\/287\/revisions\/26097"}],"wp:attachment":[{"href":"https:\/\/www.9esim.com\/es\/wp-json\/wp\/v2\/media?parent=287"}],"curies":[{"name":"wp","href":"https:\/\/api.w.org\/{rel}","templated":true}]}}