{"id":1786,"date":"2022-11-27T09:36:11","date_gmt":"2022-11-27T09:36:11","guid":{"rendered":"https:\/\/demo.anarieldesign.com\/yuna-children\/?page_id=1786"},"modified":"2025-01-14T23:08:36","modified_gmt":"2025-01-14T15:08:36","slug":"faq","status":"publish","type":"page","link":"https:\/\/www.9esim.com\/de\/faq\/","title":{"rendered":"FAQ"},"content":{"rendered":"<ul>\r\n<li>\r\n<h3><strong>eSIM-Technologie<\/strong><\/h3>\r\n<\/li>\r\n<\/ul>\r\n\r\n<div class=\"wp-block-group alignfull faq has-global-padding is-layout-constrained wp-container-core-group-is-layout-88816f74 wp-block-group-is-layout-constrained\" style=\"padding: 0px;\">\r\n<div class=\"wp-block-group trigger is-content-justification-space-between is-nowrap is-layout-flex wp-container-core-group-is-layout-a46b4deb wp-block-group-is-layout-flex\" style=\"border-bottom-color: #e7e2de; border-bottom-width: 2px; padding: var(--wp--preset--spacing--30);\">\r\n<h3 class=\"wp-block-heading\" style=\"font-style: normal; font-weight: 400;\">01. Was ist eSIM?<\/h3>\r\n\r\n\r\n\r\n<p class=\"has-large-font-size\">+<\/p>\r\n<\/div>\r\n\r\n\r\n\r\n<div class=\"wp-block-group content has-secondary-background-color has-background has-global-padding is-layout-constrained wp-container-core-group-is-layout-23b1a4dc wp-block-group-is-layout-constrained\" style=\"padding: var(--wp--preset--spacing--30);\">\r\n<p>Die eSIM ist eine SIM-Karte, die fest in neue Smartphones, Tablets und andere mobile Ger\u00e4te eingebaut ist.<\/p>\r\n<\/div>\r\n<\/div>\r\n\r\n\r\n\r\n<div class=\"wp-block-group alignfull faq has-global-padding is-layout-constrained wp-container-core-group-is-layout-88816f74 wp-block-group-is-layout-constrained\" style=\"padding: 0px;\">\r\n<div class=\"wp-block-group trigger is-content-justification-space-between is-nowrap is-layout-flex wp-container-core-group-is-layout-a46b4deb wp-block-group-is-layout-flex\" style=\"border-bottom-color: #e7e2de; border-bottom-width: 2px; padding: var(--wp--preset--spacing--30);\">\r\n<h3 class=\"wp-block-heading\" style=\"font-style: normal; font-weight: 400;\">02. Was ist ein eSIM-Profil?<\/h3>\r\n\r\n\r\n\r\n<p class=\"has-large-font-size\">+<\/p>\r\n<\/div>\r\n\r\n\r\n\r\n<div class=\"wp-block-group content has-secondary-background-color has-background has-global-padding is-layout-constrained wp-container-core-group-is-layout-23b1a4dc wp-block-group-is-layout-constrained\" style=\"padding: var(--wp--preset--spacing--30);\">\r\n<p>Physische SIM-Karten werden durch \"digitale SIM-Karten\", so genannte eSIM-Profile, ersetzt, die aus dem Internet heruntergeladen werden k\u00f6nnen.<\/p>\r\n<\/div>\r\n<\/div>\r\n\r\n\r\n\r\n<div class=\"wp-block-group alignfull faq has-global-padding is-layout-constrained wp-container-core-group-is-layout-88816f74 wp-block-group-is-layout-constrained\" style=\"padding: 0px;\">\r\n<div class=\"wp-block-group trigger is-content-justification-space-between is-nowrap is-layout-flex wp-container-core-group-is-layout-a46b4deb wp-block-group-is-layout-flex\" style=\"border-bottom-color: #e7e2de; border-bottom-width: 2px; padding: var(--wp--preset--spacing--30);\">\r\n<h3 class=\"wp-block-heading\" style=\"font-style: normal; font-weight: 400;\">03. Was ist die Funktionalit\u00e4t eines eSIM-kompatiblen Ger\u00e4ts?<\/h3>\r\n\r\n\r\n\r\n<p class=\"has-large-font-size\">+<\/p>\r\n<\/div>\r\n\r\n\r\n\r\n<div class=\"wp-block-group content has-secondary-background-color has-background has-global-padding is-layout-constrained wp-container-core-group-is-layout-23b1a4dc wp-block-group-is-layout-constrained\" style=\"padding: var(--wp--preset--spacing--30);\">\r\n<p>Ein eSIM-kompatibles Ger\u00e4t gibt Ihnen die Freiheit, Prepaid- und Postpaid-eSIM-Profile jedes Mobilfunkbetreibers \u00fcberall auf der Welt sofort auf Ihr mobiles Ger\u00e4t herunterzuladen. Kein Versand erforderlich.<\/p>\r\n<\/div>\r\n<\/div>\r\n\r\n\r\n\r\n<div class=\"wp-block-group alignfull faq has-global-padding is-layout-constrained wp-container-core-group-is-layout-88816f74 wp-block-group-is-layout-constrained\" style=\"padding: 0px;\">\r\n<div class=\"wp-block-group trigger is-content-justification-space-between is-nowrap is-layout-flex wp-container-core-group-is-layout-a46b4deb wp-block-group-is-layout-flex\" style=\"border-bottom-color: #e7e2de; border-bottom-width: 2px; padding: var(--wp--preset--spacing--30);\">\r\n<h3 class=\"wp-block-heading\" style=\"font-style: normal; font-weight: 400;\">04. Kann ich mein vorhandenes Ger\u00e4t in ein eSIM-kompatibles Ger\u00e4t umwandeln?<\/h3>\r\n\r\n\r\n\r\n<p class=\"has-large-font-size\">+<\/p>\r\n<\/div>\r\n\r\n\r\n\r\n<div class=\"wp-block-group content has-secondary-background-color has-background has-global-padding is-layout-constrained wp-container-core-group-is-layout-23b1a4dc wp-block-group-is-layout-constrained\" style=\"padding: var(--wp--preset--spacing--30);\">\r\n<p>Ja, das k\u00f6nnen Sie mit 9eSIM. Dank der 9eSIM-Karte k\u00f6nnen Android-Smartphones eSIM-Profile herunterladen, verwalten und lesen. Andere mobile Ger\u00e4te k\u00f6nnen zumindest das aktive eSIM-Profil auf der 9eSIM-Karte lesen.<\/p>\r\n<\/div>\r\n<\/div>\r\n\r\n<ul>\r\n<li>\r\n<h3 class=\"title module-title\">Fragen zu meiner Bestellung<\/h3>\r\n<\/li>\r\n<\/ul>\r\n\r\n<div class=\"wp-block-group alignfull faq has-global-padding is-layout-constrained wp-container-core-group-is-layout-88816f74 wp-block-group-is-layout-constrained\" style=\"padding: 0px;\">\r\n<div class=\"wp-block-group trigger is-content-justification-space-between is-nowrap is-layout-flex wp-container-core-group-is-layout-a46b4deb wp-block-group-is-layout-flex\" style=\"border-bottom-color: #e7e2de; border-bottom-width: 2px; padding: var(--wp--preset--spacing--30);\">\r\n<h3 class=\"wp-block-heading\" style=\"font-style: normal; font-weight: 400;\">01. Kann ich meine Bestellung stornieren oder \u00e4ndern?<\/h3>\r\n\r\n\r\n\r\n<p class=\"has-large-font-size\">+<\/p>\r\n<\/div>\r\n\r\n\r\n\r\n<div class=\"wp-block-group content has-secondary-background-color has-background has-global-padding is-layout-constrained wp-container-core-group-is-layout-23b1a4dc wp-block-group-is-layout-constrained\" style=\"padding: var(--wp--preset--spacing--30);\">\r\n<p>Sie k\u00f6nnen einen bestehenden Auftrag nur stornieren oder bearbeiten, wenn noch kein Versandetikett erstellt wurde.<\/p>\r\n<\/div>\r\n<\/div>\r\n\r\n\r\n\r\n<div class=\"wp-block-group alignfull faq has-global-padding is-layout-constrained wp-container-core-group-is-layout-88816f74 wp-block-group-is-layout-constrained\" style=\"padding: 0px;\">\r\n<div class=\"wp-block-group trigger is-content-justification-space-between is-nowrap is-layout-flex wp-container-core-group-is-layout-a46b4deb wp-block-group-is-layout-flex\" style=\"border-bottom-color: #e7e2de; border-bottom-width: 2px; padding: var(--wp--preset--spacing--30);\">\r\n<h3 class=\"wp-block-heading\" style=\"font-style: normal; font-weight: 400;\">02. Kann ich eine R\u00fcckerstattung beantragen?<\/h3>\r\n\r\n\r\n\r\n<p class=\"has-large-font-size\">+<\/p>\r\n<\/div>\r\n\r\n\r\n\r\n<div class=\"wp-block-group content has-secondary-background-color has-background has-global-padding is-layout-constrained wp-container-core-group-is-layout-23b1a4dc wp-block-group-is-layout-constrained\" style=\"padding: var(--wp--preset--spacing--30);\">\r\n<p>Ja, Sie k\u00f6nnen Ihre 9eSIM-Karte gegen Erstattung des Kaufpreises zur\u00fcckgeben, wenn Sie mit unserer  9eSIM-Karte nicht 100% zufrieden sind. Sie haben daf\u00fcr 14 Tage Zeit. Die Versandkosten sind nicht erstattungsf\u00e4hig.<\/p>\r\n<\/div>\r\n<\/div>\r\n\r\n\r\n\r\n<div class=\"wp-block-group alignfull faq has-global-padding is-layout-constrained wp-container-core-group-is-layout-88816f74 wp-block-group-is-layout-constrained\" style=\"padding: 0px;\">\r\n<div class=\"wp-block-group trigger is-content-justification-space-between is-nowrap is-layout-flex wp-container-core-group-is-layout-a46b4deb wp-block-group-is-layout-flex\" style=\"border-bottom-color: #e7e2de; border-bottom-width: 2px; padding: var(--wp--preset--spacing--30);\">\r\n<h3 class=\"wp-block-heading\" style=\"font-style: normal; font-weight: 400;\">03. L\u00e4nder mit Versand nach<\/h3>\r\n\r\n\r\n\r\n<p class=\"has-large-font-size\">+<\/p>\r\n<\/div>\r\n\r\n\r\n\r\n<div class=\"wp-block-group content has-secondary-background-color has-background has-global-padding is-layout-constrained wp-container-core-group-is-layout-23b1a4dc wp-block-group-is-layout-constrained\" style=\"padding: var(--wp--preset--spacing--30);\">\r\n<p>Die L\u00e4nder oder Regionen, in denen Bestellungen aufgegeben werden k\u00f6nnen, bedeuten, dass sie versandt werden k\u00f6nnen<\/p>\r\n<\/div>\r\n<\/div>\r\n\r\n\r\n\r\n<div class=\"wp-block-group alignfull faq has-global-padding is-layout-constrained wp-container-core-group-is-layout-88816f74 wp-block-group-is-layout-constrained\" style=\"padding: 0px;\">\r\n<div class=\"wp-block-group trigger is-content-justification-space-between is-nowrap is-layout-flex wp-container-core-group-is-layout-a46b4deb wp-block-group-is-layout-flex\" style=\"border-bottom-color: #e7e2de; border-bottom-width: 2px; padding: var(--wp--preset--spacing--30);\">\r\n<h3 class=\"wp-block-heading\" style=\"font-style: normal; font-weight: 400;\">04. Wie lange erwarte ich, die Waren zu erhalten?<\/h3>\r\n\r\n\r\n\r\n<p class=\"has-large-font-size\">+<\/p>\r\n<\/div>\r\n\r\n\r\n\r\n<div class=\"wp-block-group content has-secondary-background-color has-background has-global-padding is-layout-constrained wp-container-core-group-is-layout-23b1a4dc wp-block-group-is-layout-constrained\" style=\"padding: var(--wp--preset--spacing--30);\">\r\n<p>Ungef\u00e4hr 7-15 Tage nach Versand.<\/p>\r\n<\/div>\r\n<\/div>\r\n\r\n<ul>\r\n<li>\r\n<h3 class=\"title module-title\">Fragen zur Zusammenarbeit<\/h3>\r\n<\/li>\r\n<\/ul>\r\n\r\n<div class=\"wp-block-group alignfull faq has-global-padding is-layout-constrained wp-container-core-group-is-layout-88816f74 wp-block-group-is-layout-constrained\" style=\"padding: 0px;\">\r\n<div class=\"wp-block-group trigger is-content-justification-space-between is-nowrap is-layout-flex wp-container-core-group-is-layout-a46b4deb wp-block-group-is-layout-flex\" style=\"border-bottom-color: #e7e2de; border-bottom-width: 2px; padding: var(--wp--preset--spacing--30);\">\r\n<h3 class=\"wp-block-heading\" style=\"font-style: normal; font-weight: 400;\">01. Gibt es einen Rabatt f\u00fcr meinen Gro\u00dfeinkauf?<\/h3>\r\n\r\n\r\n\r\n<p class=\"has-large-font-size\">+<\/p>\r\n<\/div>\r\n\r\n\r\n\r\n<div class=\"wp-block-group content has-secondary-background-color has-background has-global-padding is-layout-constrained wp-container-core-group-is-layout-23b1a4dc wp-block-group-is-layout-constrained\" style=\"padding: var(--wp--preset--spacing--30);\">\r\n<p>Ja, wenn Sie mehr als 100 St\u00fcck ben\u00f6tigen, k\u00f6nnen Sie sich mit uns in Verbindung setzen und eine Preisliste anfordern.<\/p>\r\n<\/div>\r\n<\/div>\r\n\r\n\r\n\r\n<div class=\"wp-block-group alignfull faq has-global-padding is-layout-constrained wp-container-core-group-is-layout-88816f74 wp-block-group-is-layout-constrained\" style=\"padding: 0px;\">\r\n<div class=\"wp-block-group trigger is-content-justification-space-between is-nowrap is-layout-flex wp-container-core-group-is-layout-a46b4deb wp-block-group-is-layout-flex\" style=\"border-bottom-color: #e7e2de; border-bottom-width: 2px; padding: var(--wp--preset--spacing--30);\">\r\n<h3 class=\"wp-block-heading\" style=\"font-style: normal; font-weight: 400;\">02. Kann ich OEM?<\/h3>\r\n\r\n\r\n\r\n<p class=\"has-large-font-size\">+<\/p>\r\n<\/div>\r\n\r\n\r\n\r\n<div class=\"wp-block-group content has-secondary-background-color has-background has-global-padding is-layout-constrained wp-container-core-group-is-layout-23b1a4dc wp-block-group-is-layout-constrained\" style=\"padding: var(--wp--preset--spacing--30);\">\r\n<p>Ja, wir k\u00f6nnen OEM-Dienste anbieten, was voraussetzt, dass Ihre Bestellmenge gr\u00f6\u00dfer als 10.000 St\u00fcck ist.<\/p>\r\n<\/div>\r\n<\/div>","protected":false},"excerpt":{"rendered":"<p>eSIM Technology 01.What is eSIM? + eSIM is a SIM Card, permanently embedded into new smartphones, tablets and other mobile devices. 02. What is an eSIM Profile? + Physical SIM Cards are replaced by &#8220;Digital SIM Cards&#8221;, called eSIM profiles, that can be downloaded from the internet. 03. What is the functionality of an eSIM-compatible [&hellip;]<\/p>\n","protected":false},"author":1,"featured_media":0,"parent":0,"menu_order":0,"comment_status":"closed","ping_status":"closed","template":"blank","meta":{"inline_featured_image":false,"jetpack_post_was_ever_published":false,"footnotes":""},"class_list":["post-1786","page","type-page","status-publish","hentry"],"jetpack-related-posts":[],"_links":{"self":[{"href":"https:\/\/www.9esim.com\/de\/wp-json\/wp\/v2\/pages\/1786","targetHints":{"allow":["GET"]}}],"collection":[{"href":"https:\/\/www.9esim.com\/de\/wp-json\/wp\/v2\/pages"}],"about":[{"href":"https:\/\/www.9esim.com\/de\/wp-json\/wp\/v2\/types\/page"}],"author":[{"embeddable":true,"href":"https:\/\/www.9esim.com\/de\/wp-json\/wp\/v2\/users\/1"}],"replies":[{"embeddable":true,"href":"https:\/\/www.9esim.com\/de\/wp-json\/wp\/v2\/comments?post=1786"}],"version-history":[{"count":28,"href":"https:\/\/www.9esim.com\/de\/wp-json\/wp\/v2\/pages\/1786\/revisions"}],"predecessor-version":[{"id":8213,"href":"https:\/\/www.9esim.com\/de\/wp-json\/wp\/v2\/pages\/1786\/revisions\/8213"}],"wp:attachment":[{"href":"https:\/\/www.9esim.com\/de\/wp-json\/wp\/v2\/media?parent=1786"}],"curies":[{"name":"wp","href":"https:\/\/api.w.org\/{rel}","templated":true}]}}