{"id":287,"date":"2024-08-01T22:21:54","date_gmt":"2024-08-01T14:21:54","guid":{"rendered":"https:\/\/shop.9esim.com\/?page_id=287"},"modified":"2025-07-02T21:33:10","modified_gmt":"2025-07-02T13:33:10","slug":"zusammenarbeit","status":"publish","type":"page","link":"https:\/\/www.9esim.com\/de\/zusammenarbeit\/","title":{"rendered":"Zusammenarbeit"},"content":{"rendered":"<h1>Partnerschaftsprogramm<\/h1>\n<h2>Warum eine Partnerschaft mit 9eSIM?<\/h2>\n<p><strong>Attraktive Provisionen<\/strong><\/p>\n<p>Verdienen Sie attraktive Provisionen f\u00fcr jeden Verkauf, den Sie t\u00e4tigen. Mit unserem hochkonvertierenden Produkt ist Ihr Verdienstpotenzial grenzenlos.<\/p>\n<p><strong>Einzigartige Rabatte<\/strong><\/p>\n<p>Bieten Sie Ihren Kunden und Fans exklusive Rabatte auf 9eSIM-Karten zu g\u00fcnstigeren Preisen an und verdienen Sie gleichzeitig mehr Provisionen und steigern Sie die Kundentreue.<\/p>\n<p><strong>Verfolgung von Verkaufsdaten<\/strong><\/p>\n<p>Behalten Sie den \u00dcberblick \u00fcber Ihr Gesch\u00e4ft und treffen Sie datengest\u00fctzte Entscheidungen, um Ihre Partnerschaft mit 9eSIM zu optimieren.<\/p>\n<h1>9eSIM St\u00e4rken<\/h1>\n<p><strong>Eine neue L\u00f6sung<\/strong><\/p>\n<p>Wir l\u00f6sen eSIM-Probleme f\u00fcr Android-Nutzer, die keine eSIM-kompatiblen Ger\u00e4te haben. Mit der 9eSIM-Karte k\u00f6nnen sie endlich eSIM verwenden<\/p>\n<p><strong>Ein neuer Weg<\/strong><\/p>\n<p>Die 9eSIM.eSIM-Karte bietet eine nahtlose und benutzerfreundliche M\u00f6glichkeit, sich mit eSIM-Diensten zu verbinden. Verabschieden Sie sich von den M\u00fchen der physischen SIM-Karten und begr\u00fc\u00dfen Sie die Zukunft<\/p>\n<p><strong>24\/7 Kundenbetreuung<\/strong><\/p>\n<p>Wir sind stolz darauf, unseren Kunden rund um die Uhr Unterst\u00fctzung zu bieten, um einen reibungslosen und problemlosen Ablauf zu gew\u00e4hrleisten.<\/p>\n<p>Werden Sie 9eSIM-Partner, um die mobile Konnektivit\u00e4t zu revolutionieren und Ihr Gesch\u00e4ft auszubauen und gleichzeitig Pr\u00e4mien zu verdienen. Verpassen Sie nicht diese Chance auf Erfolg!<\/p>\n<hr \/>\n<p>Wenn Sie Fragen haben oder Hilfe ben\u00f6tigen, ist unser Team f\u00fcr Sie da. Wenden Sie sich einfach an uns unter\u00a0\u00a0<span class=\"activeText\">service@9esim.com\u00a0<\/span>\u00a0und wir bleiben in Kontakt.<\/p>","protected":false},"excerpt":{"rendered":"<p>Partnership Program Why Partner with 9eSIM? Attractive Commissions Earn attractive commissions on every sale you generate. With our high-converting product, your earning potential is limitless. Unique Discounts Offer your customers and fans exclusive discounts on 9eSIM cards at better prices, while earning you more commissions and boosting customer loyalty. Sales Data Tracking Stay on top [&hellip;]<\/p>\n","protected":false},"author":1,"featured_media":0,"parent":0,"menu_order":0,"comment_status":"closed","ping_status":"closed","template":"blank","meta":{"inline_featured_image":false,"jetpack_post_was_ever_published":false,"footnotes":""},"class_list":["post-287","page","type-page","status-publish","hentry"],"jetpack-related-posts":[],"_links":{"self":[{"href":"https:\/\/www.9esim.com\/de\/wp-json\/wp\/v2\/pages\/287","targetHints":{"allow":["GET"]}}],"collection":[{"href":"https:\/\/www.9esim.com\/de\/wp-json\/wp\/v2\/pages"}],"about":[{"href":"https:\/\/www.9esim.com\/de\/wp-json\/wp\/v2\/types\/page"}],"author":[{"embeddable":true,"href":"https:\/\/www.9esim.com\/de\/wp-json\/wp\/v2\/users\/1"}],"replies":[{"embeddable":true,"href":"https:\/\/www.9esim.com\/de\/wp-json\/wp\/v2\/comments?post=287"}],"version-history":[{"count":8,"href":"https:\/\/www.9esim.com\/de\/wp-json\/wp\/v2\/pages\/287\/revisions"}],"predecessor-version":[{"id":26097,"href":"https:\/\/www.9esim.com\/de\/wp-json\/wp\/v2\/pages\/287\/revisions\/26097"}],"wp:attachment":[{"href":"https:\/\/www.9esim.com\/de\/wp-json\/wp\/v2\/media?parent=287"}],"curies":[{"name":"wp","href":"https:\/\/api.w.org\/{rel}","templated":true}]}}